{"id":1483,"date":"2020-02-23T23:50:59","date_gmt":"2020-02-23T20:50:59","guid":{"rendered":"https:\/\/emikon.com.tr\/otomasyonmarket\/urun\/import-placeholder-for-6054\/"},"modified":"2021-06-09T18:32:47","modified_gmt":"2021-06-09T15:32:47","slug":"moeller-ps4-201-mm1-2","status":"publish","type":"product","link":"https:\/\/emikon.com.tr\/market\/urun\/moeller-ps4-201-mm1-2\/","title":{"rendered":"MOELLER &#8211; PS4-201-MM1"},"content":{"rendered":"<p>MOELLER &#8211; PS4-201-MM1<\/p>\n<p>24 VDC, SEM\u0130CONDUCTOR, NORMALLY 5 MS PROCESS\u0130NG T\u0130ME PER 1 KBYTE B\u0130NARY \u0130NSTRUCT\u0130ONS, SUCONET K1, 8DI, 2 AI, 6DO, 1 AO<\/p>\n","protected":false},"excerpt":{"rendered":"<p><strong>Bizi arayabilir ya da <a href=\"https:\/\/emikon.com.tr\/iletisim\/\" target=\"_blank\" rel=\"noopener noreferrer\">BURAYA<\/a> t\u0131klayarak talebinizi iletebilirsiniz.<\/strong><\/p>\n","protected":false},"featured_media":1507,"comment_status":"closed","ping_status":"closed","template":"","meta":{"_uag_custom_page_level_css":""},"product_cat":[149,16],"product_tag":[],"class_list":["post-1483","product","type-product","status-publish","has-post-thumbnail","hentry","product_cat-moeller","product_cat-otomasyon"],"yoast_head":"<!-- This site is optimized with the Yoast SEO Premium plugin v19.3 (Yoast SEO v19.7) - https:\/\/yoast.com\/wordpress\/plugins\/seo\/ -->\n<title>MOELLER - PS4-201-MM1 - Emikon - Otomasyon Market<\/title>\n<meta name=\"robots\" content=\"index, follow, max-snippet:-1, max-image-preview:large, max-video-preview:-1\" \/>\n<link rel=\"canonical\" href=\"https:\/\/emikon.com.tr\/market\/urun\/moeller-ps4-201-mm1-2\/\" \/>\n<meta property=\"og:locale\" content=\"tr_TR\" \/>\n<meta property=\"og:type\" content=\"article\" \/>\n<meta property=\"og:title\" content=\"MOELLER - PS4-201-MM1\" \/>\n<meta property=\"og:description\" content=\"Bizi arayabilir ya da BURAYA t\u0131klayarak talebinizi iletebilirsiniz.\" \/>\n<meta property=\"og:url\" content=\"https:\/\/emikon.com.tr\/market\/urun\/moeller-ps4-201-mm1-2\/\" \/>\n<meta property=\"og:site_name\" content=\"Emikon - Otomasyon Market\" \/>\n<meta property=\"article:modified_time\" content=\"2021-06-09T15:32:47+00:00\" \/>\n<meta property=\"og:image\" content=\"https:\/\/emikon.com.tr\/market\/wp-content\/uploads\/sites\/5\/2020\/02\/IMG_20200115_143506-scaled-e1581407860247.jpg\" \/>\n\t<meta property=\"og:image:width\" content=\"1920\" \/>\n\t<meta property=\"og:image:height\" content=\"1920\" \/>\n\t<meta property=\"og:image:type\" content=\"image\/jpeg\" \/>\n<meta name=\"twitter:card\" content=\"summary_large_image\" \/>\n<script type=\"application\/ld+json\" class=\"yoast-schema-graph\">{\"@context\":\"https:\/\/schema.org\",\"@graph\":[{\"@type\":\"WebPage\",\"@id\":\"https:\/\/emikon.com.tr\/market\/urun\/moeller-ps4-201-mm1-2\/\",\"url\":\"https:\/\/emikon.com.tr\/market\/urun\/moeller-ps4-201-mm1-2\/\",\"name\":\"MOELLER - PS4-201-MM1 - Emikon - Otomasyon Market\",\"isPartOf\":{\"@id\":\"https:\/\/emikon.com.tr\/market\/#website\"},\"datePublished\":\"2020-02-23T20:50:59+00:00\",\"dateModified\":\"2021-06-09T15:32:47+00:00\",\"breadcrumb\":{\"@id\":\"https:\/\/emikon.com.tr\/market\/urun\/moeller-ps4-201-mm1-2\/#breadcrumb\"},\"inLanguage\":\"tr\",\"potentialAction\":[{\"@type\":\"ReadAction\",\"target\":[\"https:\/\/emikon.com.tr\/market\/urun\/moeller-ps4-201-mm1-2\/\"]}]},{\"@type\":\"BreadcrumbList\",\"@id\":\"https:\/\/emikon.com.tr\/market\/urun\/moeller-ps4-201-mm1-2\/#breadcrumb\",\"itemListElement\":[{\"@type\":\"ListItem\",\"position\":1,\"name\":\"Ana sayfa\",\"item\":\"https:\/\/emikon.com.tr\/market\/\"},{\"@type\":\"ListItem\",\"position\":2,\"name\":\"Ma\u011faza\",\"item\":\"https:\/\/emikon.com.tr\/market\/\"},{\"@type\":\"ListItem\",\"position\":3,\"name\":\"MOELLER &#8211; PS4-201-MM1\"}]},{\"@type\":\"WebSite\",\"@id\":\"https:\/\/emikon.com.tr\/market\/#website\",\"url\":\"https:\/\/emikon.com.tr\/market\/\",\"name\":\"Emikon - Otomasyon Market\",\"description\":\"Otomasyonun Referans Noktas\u0131 \/ End\u00fcstri 4.0\",\"publisher\":{\"@id\":\"https:\/\/emikon.com.tr\/market\/#organization\"},\"potentialAction\":[{\"@type\":\"SearchAction\",\"target\":{\"@type\":\"EntryPoint\",\"urlTemplate\":\"https:\/\/emikon.com.tr\/market\/?s={search_term_string}\"},\"query-input\":\"required name=search_term_string\"}],\"inLanguage\":\"tr\"},{\"@type\":\"Organization\",\"@id\":\"https:\/\/emikon.com.tr\/market\/#organization\",\"name\":\"Emikon\",\"url\":\"https:\/\/emikon.com.tr\/market\/\",\"sameAs\":[],\"logo\":{\"@type\":\"ImageObject\",\"inLanguage\":\"tr\",\"@id\":\"https:\/\/emikon.com.tr\/market\/#\/schema\/logo\/image\/\",\"url\":\"https:\/\/emikon.com.tr\/market\/wp-content\/uploads\/sites\/5\/2020\/03\/Dikdortgen-001-1.png\",\"contentUrl\":\"https:\/\/emikon.com.tr\/market\/wp-content\/uploads\/sites\/5\/2020\/03\/Dikdortgen-001-1.png\",\"width\":1622,\"height\":407,\"caption\":\"Emikon\"},\"image\":{\"@id\":\"https:\/\/emikon.com.tr\/market\/#\/schema\/logo\/image\/\"}}]}<\/script>\n<!-- \/ Yoast SEO Premium plugin. -->","yoast_head_json":{"title":"MOELLER - PS4-201-MM1 - Emikon - Otomasyon Market","robots":{"index":"index","follow":"follow","max-snippet":"max-snippet:-1","max-image-preview":"max-image-preview:large","max-video-preview":"max-video-preview:-1"},"canonical":"https:\/\/emikon.com.tr\/market\/urun\/moeller-ps4-201-mm1-2\/","og_locale":"tr_TR","og_type":"article","og_title":"MOELLER - PS4-201-MM1","og_description":"Bizi arayabilir ya da BURAYA t\u0131klayarak talebinizi iletebilirsiniz.","og_url":"https:\/\/emikon.com.tr\/market\/urun\/moeller-ps4-201-mm1-2\/","og_site_name":"Emikon - Otomasyon Market","article_modified_time":"2021-06-09T15:32:47+00:00","og_image":[{"width":1920,"height":1920,"url":"https:\/\/emikon.com.tr\/market\/wp-content\/uploads\/sites\/5\/2020\/02\/IMG_20200115_143506-scaled-e1581407860247.jpg","type":"image\/jpeg"}],"twitter_card":"summary_large_image","schema":{"@context":"https:\/\/schema.org","@graph":[{"@type":"WebPage","@id":"https:\/\/emikon.com.tr\/market\/urun\/moeller-ps4-201-mm1-2\/","url":"https:\/\/emikon.com.tr\/market\/urun\/moeller-ps4-201-mm1-2\/","name":"MOELLER - PS4-201-MM1 - Emikon - Otomasyon Market","isPartOf":{"@id":"https:\/\/emikon.com.tr\/market\/#website"},"datePublished":"2020-02-23T20:50:59+00:00","dateModified":"2021-06-09T15:32:47+00:00","breadcrumb":{"@id":"https:\/\/emikon.com.tr\/market\/urun\/moeller-ps4-201-mm1-2\/#breadcrumb"},"inLanguage":"tr","potentialAction":[{"@type":"ReadAction","target":["https:\/\/emikon.com.tr\/market\/urun\/moeller-ps4-201-mm1-2\/"]}]},{"@type":"BreadcrumbList","@id":"https:\/\/emikon.com.tr\/market\/urun\/moeller-ps4-201-mm1-2\/#breadcrumb","itemListElement":[{"@type":"ListItem","position":1,"name":"Ana sayfa","item":"https:\/\/emikon.com.tr\/market\/"},{"@type":"ListItem","position":2,"name":"Ma\u011faza","item":"https:\/\/emikon.com.tr\/market\/"},{"@type":"ListItem","position":3,"name":"MOELLER &#8211; PS4-201-MM1"}]},{"@type":"WebSite","@id":"https:\/\/emikon.com.tr\/market\/#website","url":"https:\/\/emikon.com.tr\/market\/","name":"Emikon - Otomasyon Market","description":"Otomasyonun Referans Noktas\u0131 \/ End\u00fcstri 4.0","publisher":{"@id":"https:\/\/emikon.com.tr\/market\/#organization"},"potentialAction":[{"@type":"SearchAction","target":{"@type":"EntryPoint","urlTemplate":"https:\/\/emikon.com.tr\/market\/?s={search_term_string}"},"query-input":"required name=search_term_string"}],"inLanguage":"tr"},{"@type":"Organization","@id":"https:\/\/emikon.com.tr\/market\/#organization","name":"Emikon","url":"https:\/\/emikon.com.tr\/market\/","sameAs":[],"logo":{"@type":"ImageObject","inLanguage":"tr","@id":"https:\/\/emikon.com.tr\/market\/#\/schema\/logo\/image\/","url":"https:\/\/emikon.com.tr\/market\/wp-content\/uploads\/sites\/5\/2020\/03\/Dikdortgen-001-1.png","contentUrl":"https:\/\/emikon.com.tr\/market\/wp-content\/uploads\/sites\/5\/2020\/03\/Dikdortgen-001-1.png","width":1622,"height":407,"caption":"Emikon"},"image":{"@id":"https:\/\/emikon.com.tr\/market\/#\/schema\/logo\/image\/"}}]}},"uagb_featured_image_src":{"full":["https:\/\/emikon.com.tr\/market\/wp-content\/uploads\/sites\/5\/2020\/02\/IMG_20200115_143506-scaled-e1581407860247.jpg",1920,1920,false],"thumbnail":["https:\/\/emikon.com.tr\/market\/wp-content\/uploads\/sites\/5\/2020\/02\/IMG_20200115_143506-scaled-e1581407860247-150x150.jpg",150,150,true],"medium":["https:\/\/emikon.com.tr\/market\/wp-content\/uploads\/sites\/5\/2020\/02\/IMG_20200115_143506-scaled-e1581407860247-300x300.jpg",300,300,true],"medium_large":["https:\/\/emikon.com.tr\/market\/wp-content\/uploads\/sites\/5\/2020\/02\/IMG_20200115_143506-scaled-e1581407860247-768x768.jpg",768,768,true],"large":["https:\/\/emikon.com.tr\/market\/wp-content\/uploads\/sites\/5\/2020\/02\/IMG_20200115_143506-scaled-e1581407860247-1024x1024.jpg",1024,1024,true],"1536x1536":["https:\/\/emikon.com.tr\/market\/wp-content\/uploads\/sites\/5\/2020\/02\/IMG_20200115_143506-scaled-e1581407860247-1536x1536.jpg",1536,1536,true],"2048x2048":["https:\/\/emikon.com.tr\/market\/wp-content\/uploads\/sites\/5\/2020\/02\/IMG_20200115_143506-scaled-e1581407860247-2048x2048.jpg",2048,2048,true],"post-thumbnail":["https:\/\/emikon.com.tr\/market\/wp-content\/uploads\/sites\/5\/2020\/02\/IMG_20200115_143506-scaled-e1581407860247-788x788.jpg",146,146,true],"50x50":["https:\/\/emikon.com.tr\/market\/wp-content\/uploads\/sites\/5\/2020\/02\/IMG_20200115_143506-scaled-e1581407860247.jpg",50,50,false],"clients-slider":["https:\/\/emikon.com.tr\/market\/wp-content\/uploads\/sites\/5\/2020\/02\/IMG_20200115_143506-scaled-e1581407860247.jpg",75,75,false],"slider-content":["https:\/\/emikon.com.tr\/market\/wp-content\/uploads\/sites\/5\/2020\/02\/IMG_20200115_143506-scaled-e1581407860247.jpg",860,860,false],"testimonials":["https:\/\/emikon.com.tr\/market\/wp-content\/uploads\/sites\/5\/2020\/02\/IMG_20200115_143506-scaled-e1581407860247.jpg",85,85,false],"blog-navi":["https:\/\/emikon.com.tr\/market\/wp-content\/uploads\/sites\/5\/2020\/02\/IMG_20200115_143506-scaled-e1581407860247.jpg",80,80,false],"portfolio-mf":["https:\/\/emikon.com.tr\/market\/wp-content\/uploads\/sites\/5\/2020\/02\/IMG_20200115_143506-scaled-e1581407860247.jpg",1000,1000,false],"portfolio-mf-w":["https:\/\/emikon.com.tr\/market\/wp-content\/uploads\/sites\/5\/2020\/02\/IMG_20200115_143506-scaled-e1581407860247.jpg",500,500,false],"portfolio-mf-t":["https:\/\/emikon.com.tr\/market\/wp-content\/uploads\/sites\/5\/2020\/02\/IMG_20200115_143506-scaled-e1581407860247.jpg",768,768,false],"portfolio-list":["https:\/\/emikon.com.tr\/market\/wp-content\/uploads\/sites\/5\/2020\/02\/IMG_20200115_143506-scaled-e1581407860247.jpg",750,750,false],"blog-portfolio":["https:\/\/emikon.com.tr\/market\/wp-content\/uploads\/sites\/5\/2020\/02\/IMG_20200115_143506-scaled-e1581407860247.jpg",720,720,false],"blog-single":["https:\/\/emikon.com.tr\/market\/wp-content\/uploads\/sites\/5\/2020\/02\/IMG_20200115_143506-scaled-e1581407860247.jpg",675,675,false],"woocommerce_thumbnail":["https:\/\/emikon.com.tr\/market\/wp-content\/uploads\/sites\/5\/2020\/02\/IMG_20200115_143506-scaled-e1581407860247-300x300.jpg",300,300,true],"woocommerce_single":["https:\/\/emikon.com.tr\/market\/wp-content\/uploads\/sites\/5\/2020\/02\/IMG_20200115_143506-scaled-e1581407860247-600x600.jpg",600,600,true],"woocommerce_gallery_thumbnail":["https:\/\/emikon.com.tr\/market\/wp-content\/uploads\/sites\/5\/2020\/02\/IMG_20200115_143506-scaled-e1581407860247-300x300.jpg",300,300,true]},"uagb_author_info":{"display_name":"emikon","author_link":"https:\/\/emikon.com.tr\/market\/author\/"},"uagb_comment_info":0,"uagb_excerpt":"Bizi arayabilir ya da BURAYA t\u0131klayarak talebinizi iletebilirsiniz.","_links":{"self":[{"href":"https:\/\/emikon.com.tr\/market\/wp-json\/wp\/v2\/product\/1483","targetHints":{"allow":["GET"]}}],"collection":[{"href":"https:\/\/emikon.com.tr\/market\/wp-json\/wp\/v2\/product"}],"about":[{"href":"https:\/\/emikon.com.tr\/market\/wp-json\/wp\/v2\/types\/product"}],"replies":[{"embeddable":true,"href":"https:\/\/emikon.com.tr\/market\/wp-json\/wp\/v2\/comments?post=1483"}],"wp:featuredmedia":[{"embeddable":true,"href":"https:\/\/emikon.com.tr\/market\/wp-json\/wp\/v2\/media\/1507"}],"wp:attachment":[{"href":"https:\/\/emikon.com.tr\/market\/wp-json\/wp\/v2\/media?parent=1483"}],"wp:term":[{"taxonomy":"product_cat","embeddable":true,"href":"https:\/\/emikon.com.tr\/market\/wp-json\/wp\/v2\/product_cat?post=1483"},{"taxonomy":"product_tag","embeddable":true,"href":"https:\/\/emikon.com.tr\/market\/wp-json\/wp\/v2\/product_tag?post=1483"}],"curies":[{"name":"wp","href":"https:\/\/api.w.org\/{rel}","templated":true}]}}