{"id":1612,"date":"2024-04-24T17:29:04","date_gmt":"2024-04-24T14:29:04","guid":{"rendered":"https:\/\/emikon.com.tr\/market\/?post_type=product&#038;p=1612"},"modified":"2024-07-02T00:13:57","modified_gmt":"2024-07-01T21:13:57","slug":"ibh-link-iot","status":"publish","type":"product","link":"https:\/\/emikon.com.tr\/market\/urun\/ibh-link-iot\/","title":{"rendered":"IBH Link IoT"},"content":{"rendered":"<pre id=\"tw-target-text\" class=\"tw-data-text tw-text-large tw-ta\" dir=\"ltr\" data-placeholder=\"\u00c7eviri\" aria-label=\"\u00c7evrilmi\u015f metin\" data-ved=\"2ahUKEwjcooWvhduFAxXNVfEDHT30AucQ3ewLegQIBRAU\"><span class=\"Y2IQFc\" lang=\"tr\">IBH Link IoT mod\u00fcl\u00fc TeamViewer ile birlikte kontrol\u00f6rlere ve programlamalar\u0131na kolay eri\u015fim sa\u011flar. D\u00f6rt Ethernet ba\u011flant\u0131 noktas\u0131na ve 24V g\u00fc\u00e7 kayna\u011f\u0131na sahip, DIN ray\u0131na montaj i\u00e7in kompakt bir cihazd\u0131r.\r\n\r\nYeni geli\u015ftirilen a\u011f ge\u00e7idi IBH Link IoT ve \u00f6nceden y\u00fcklenmi\u015f TeamViewer yaz\u0131l\u0131m\u0131 ile neredeyse t\u00fcm PLC sistemlerine her zaman ve her yerden eri\u015fim imkan\u0131 sunulmaktad\u0131r.\r\n\r\nKarma\u015f\u0131k modem \u00e7\u00f6z\u00fcmleri veya sahada bilgisayar kullan\u0131m\u0131 ge\u00e7mi\u015fte kald\u0131.\r\nNeredeyse t\u00fcm PLC sistemlerine g\u00fcvenli eri\u015fim i\u00e7in \u00f6nceden y\u00fcklenmi\u015f TeamViewer yaz\u0131l\u0131m\u0131yla IBH Link IoT\r\nSahadaki bak\u0131m i\u015flemleri \u00f6nemli \u00f6l\u00e7\u00fcde azalt\u0131labilir\r\nSitede PC gerekmez\r\n\u015eifrelenmi\u015f veriler y\u00fcksek g\u00fcvenlik sa\u011flar\r\nWeb aray\u00fcz\u00fc \u00fczerinden konforlu ve basit konfig\u00fcrasyon\r\nEthernet \u00f6zellikli t\u00fcm kontrol\u00f6rlerin TCP ve UDP protokolleri arac\u0131l\u0131\u011f\u0131yla desteklenmesi, \u00f6rne\u011fin:\r\nS7 TCP\/IP veya IBH Link S7++ arac\u0131l\u0131\u011f\u0131yla adreslenebilir S7 kontrol\u00f6rleri\r\nIBH Link S5++ arac\u0131l\u0131\u011f\u0131yla adreslenebilir S5 kontrol\u00f6rleri\r\nSINUMERIK 840D\/840D SL\r\nMitsubishi kontrol\u00f6rleri MELSEC IQR, FX5, QnA ve L serisi\r\nRockwell Controllogix ve Compactlogix kontrol\u00f6rleri\r\nBeckhoff TwinCAT kontrol\u00f6rleri\r\nB&amp;R kontrol sistemleri\r\nDaha fazla bilgi i\u00e7in ileti\u015fime ge\u00e7ebilirsiniz.<\/span><\/pre>\n","protected":false},"excerpt":{"rendered":"<p><strong>Bizi arayabilir ya da <a href=\"https:\/\/emikon.com.tr\/iletisim\/\" target=\"_blank\" rel=\"noopener noreferrer\">BURAYA<\/a> t\u0131klayarak talebinizi iletebilirsiniz.<\/strong><\/p>\n","protected":false},"featured_media":1614,"comment_status":"open","ping_status":"closed","template":"","meta":{"_uag_custom_page_level_css":""},"product_cat":[162,16],"product_tag":[],"class_list":["post-1612","product","type-product","status-publish","has-post-thumbnail","hentry","product_cat-ibh-softtech","product_cat-otomasyon"],"yoast_head":"<!-- This site is optimized with the Yoast SEO Premium plugin v19.3 (Yoast SEO v19.7) - https:\/\/yoast.com\/wordpress\/plugins\/seo\/ -->\n<title>IBH Link IoT - Emikon - Otomasyon Market<\/title>\n<meta name=\"robots\" content=\"index, follow, max-snippet:-1, max-image-preview:large, max-video-preview:-1\" \/>\n<link rel=\"canonical\" href=\"https:\/\/emikon.com.tr\/market\/urun\/ibh-link-iot\/\" \/>\n<meta property=\"og:locale\" content=\"tr_TR\" \/>\n<meta property=\"og:type\" content=\"article\" \/>\n<meta property=\"og:title\" content=\"IBH Link IoT\" \/>\n<meta property=\"og:description\" content=\"Bizi arayabilir ya da BURAYA t\u0131klayarak talebinizi iletebilirsiniz.\" \/>\n<meta property=\"og:url\" content=\"https:\/\/emikon.com.tr\/market\/urun\/ibh-link-iot\/\" \/>\n<meta property=\"og:site_name\" content=\"Emikon - Otomasyon Market\" \/>\n<meta property=\"article:modified_time\" content=\"2024-07-01T21:13:57+00:00\" \/>\n<meta property=\"og:image\" content=\"https:\/\/emikon.com.tr\/market\/wp-content\/uploads\/sites\/5\/2024\/04\/IBH-Link-IoT_ml-1.png\" \/>\n\t<meta property=\"og:image:width\" content=\"565\" \/>\n\t<meta property=\"og:image:height\" content=\"688\" \/>\n\t<meta property=\"og:image:type\" content=\"image\/png\" \/>\n<meta name=\"twitter:card\" content=\"summary_large_image\" \/>\n<meta name=\"twitter:label1\" content=\"Tahmini okuma s\u00fcresi\" \/>\n\t<meta name=\"twitter:data1\" content=\"1 dakika\" \/>\n<script type=\"application\/ld+json\" class=\"yoast-schema-graph\">{\"@context\":\"https:\/\/schema.org\",\"@graph\":[{\"@type\":\"WebPage\",\"@id\":\"https:\/\/emikon.com.tr\/market\/urun\/ibh-link-iot\/\",\"url\":\"https:\/\/emikon.com.tr\/market\/urun\/ibh-link-iot\/\",\"name\":\"IBH Link IoT - Emikon - Otomasyon Market\",\"isPartOf\":{\"@id\":\"https:\/\/emikon.com.tr\/market\/#website\"},\"datePublished\":\"2024-04-24T14:29:04+00:00\",\"dateModified\":\"2024-07-01T21:13:57+00:00\",\"breadcrumb\":{\"@id\":\"https:\/\/emikon.com.tr\/market\/urun\/ibh-link-iot\/#breadcrumb\"},\"inLanguage\":\"tr\",\"potentialAction\":[{\"@type\":\"ReadAction\",\"target\":[\"https:\/\/emikon.com.tr\/market\/urun\/ibh-link-iot\/\"]}]},{\"@type\":\"BreadcrumbList\",\"@id\":\"https:\/\/emikon.com.tr\/market\/urun\/ibh-link-iot\/#breadcrumb\",\"itemListElement\":[{\"@type\":\"ListItem\",\"position\":1,\"name\":\"Ana sayfa\",\"item\":\"https:\/\/emikon.com.tr\/market\/\"},{\"@type\":\"ListItem\",\"position\":2,\"name\":\"Ma\u011faza\",\"item\":\"https:\/\/emikon.com.tr\/market\/\"},{\"@type\":\"ListItem\",\"position\":3,\"name\":\"IBH Link IoT\"}]},{\"@type\":\"WebSite\",\"@id\":\"https:\/\/emikon.com.tr\/market\/#website\",\"url\":\"https:\/\/emikon.com.tr\/market\/\",\"name\":\"Emikon - Otomasyon Market\",\"description\":\"Otomasyonun Referans Noktas\u0131 \/ End\u00fcstri 4.0\",\"publisher\":{\"@id\":\"https:\/\/emikon.com.tr\/market\/#organization\"},\"potentialAction\":[{\"@type\":\"SearchAction\",\"target\":{\"@type\":\"EntryPoint\",\"urlTemplate\":\"https:\/\/emikon.com.tr\/market\/?s={search_term_string}\"},\"query-input\":\"required name=search_term_string\"}],\"inLanguage\":\"tr\"},{\"@type\":\"Organization\",\"@id\":\"https:\/\/emikon.com.tr\/market\/#organization\",\"name\":\"Emikon\",\"url\":\"https:\/\/emikon.com.tr\/market\/\",\"sameAs\":[],\"logo\":{\"@type\":\"ImageObject\",\"inLanguage\":\"tr\",\"@id\":\"https:\/\/emikon.com.tr\/market\/#\/schema\/logo\/image\/\",\"url\":\"https:\/\/emikon.com.tr\/market\/wp-content\/uploads\/sites\/5\/2020\/03\/Dikdortgen-001-1.png\",\"contentUrl\":\"https:\/\/emikon.com.tr\/market\/wp-content\/uploads\/sites\/5\/2020\/03\/Dikdortgen-001-1.png\",\"width\":1622,\"height\":407,\"caption\":\"Emikon\"},\"image\":{\"@id\":\"https:\/\/emikon.com.tr\/market\/#\/schema\/logo\/image\/\"}}]}<\/script>\n<!-- \/ Yoast SEO Premium plugin. -->","yoast_head_json":{"title":"IBH Link IoT - Emikon - Otomasyon Market","robots":{"index":"index","follow":"follow","max-snippet":"max-snippet:-1","max-image-preview":"max-image-preview:large","max-video-preview":"max-video-preview:-1"},"canonical":"https:\/\/emikon.com.tr\/market\/urun\/ibh-link-iot\/","og_locale":"tr_TR","og_type":"article","og_title":"IBH Link IoT","og_description":"Bizi arayabilir ya da BURAYA t\u0131klayarak talebinizi iletebilirsiniz.","og_url":"https:\/\/emikon.com.tr\/market\/urun\/ibh-link-iot\/","og_site_name":"Emikon - Otomasyon Market","article_modified_time":"2024-07-01T21:13:57+00:00","og_image":[{"width":565,"height":688,"url":"https:\/\/emikon.com.tr\/market\/wp-content\/uploads\/sites\/5\/2024\/04\/IBH-Link-IoT_ml-1.png","type":"image\/png"}],"twitter_card":"summary_large_image","twitter_misc":{"Tahmini okuma s\u00fcresi":"1 dakika"},"schema":{"@context":"https:\/\/schema.org","@graph":[{"@type":"WebPage","@id":"https:\/\/emikon.com.tr\/market\/urun\/ibh-link-iot\/","url":"https:\/\/emikon.com.tr\/market\/urun\/ibh-link-iot\/","name":"IBH Link IoT - Emikon - Otomasyon Market","isPartOf":{"@id":"https:\/\/emikon.com.tr\/market\/#website"},"datePublished":"2024-04-24T14:29:04+00:00","dateModified":"2024-07-01T21:13:57+00:00","breadcrumb":{"@id":"https:\/\/emikon.com.tr\/market\/urun\/ibh-link-iot\/#breadcrumb"},"inLanguage":"tr","potentialAction":[{"@type":"ReadAction","target":["https:\/\/emikon.com.tr\/market\/urun\/ibh-link-iot\/"]}]},{"@type":"BreadcrumbList","@id":"https:\/\/emikon.com.tr\/market\/urun\/ibh-link-iot\/#breadcrumb","itemListElement":[{"@type":"ListItem","position":1,"name":"Ana sayfa","item":"https:\/\/emikon.com.tr\/market\/"},{"@type":"ListItem","position":2,"name":"Ma\u011faza","item":"https:\/\/emikon.com.tr\/market\/"},{"@type":"ListItem","position":3,"name":"IBH Link IoT"}]},{"@type":"WebSite","@id":"https:\/\/emikon.com.tr\/market\/#website","url":"https:\/\/emikon.com.tr\/market\/","name":"Emikon - Otomasyon Market","description":"Otomasyonun Referans Noktas\u0131 \/ End\u00fcstri 4.0","publisher":{"@id":"https:\/\/emikon.com.tr\/market\/#organization"},"potentialAction":[{"@type":"SearchAction","target":{"@type":"EntryPoint","urlTemplate":"https:\/\/emikon.com.tr\/market\/?s={search_term_string}"},"query-input":"required name=search_term_string"}],"inLanguage":"tr"},{"@type":"Organization","@id":"https:\/\/emikon.com.tr\/market\/#organization","name":"Emikon","url":"https:\/\/emikon.com.tr\/market\/","sameAs":[],"logo":{"@type":"ImageObject","inLanguage":"tr","@id":"https:\/\/emikon.com.tr\/market\/#\/schema\/logo\/image\/","url":"https:\/\/emikon.com.tr\/market\/wp-content\/uploads\/sites\/5\/2020\/03\/Dikdortgen-001-1.png","contentUrl":"https:\/\/emikon.com.tr\/market\/wp-content\/uploads\/sites\/5\/2020\/03\/Dikdortgen-001-1.png","width":1622,"height":407,"caption":"Emikon"},"image":{"@id":"https:\/\/emikon.com.tr\/market\/#\/schema\/logo\/image\/"}}]}},"uagb_featured_image_src":{"full":["https:\/\/emikon.com.tr\/market\/wp-content\/uploads\/sites\/5\/2024\/04\/IBH-Link-IoT_ml-1.png",565,688,false],"thumbnail":["https:\/\/emikon.com.tr\/market\/wp-content\/uploads\/sites\/5\/2024\/04\/IBH-Link-IoT_ml-1-150x150.png",150,150,true],"medium":["https:\/\/emikon.com.tr\/market\/wp-content\/uploads\/sites\/5\/2024\/04\/IBH-Link-IoT_ml-1-246x300.png",246,300,true],"medium_large":["https:\/\/emikon.com.tr\/market\/wp-content\/uploads\/sites\/5\/2024\/04\/IBH-Link-IoT_ml-1.png",565,688,false],"large":["https:\/\/emikon.com.tr\/market\/wp-content\/uploads\/sites\/5\/2024\/04\/IBH-Link-IoT_ml-1.png",565,688,false],"1536x1536":["https:\/\/emikon.com.tr\/market\/wp-content\/uploads\/sites\/5\/2024\/04\/IBH-Link-IoT_ml-1.png",565,688,false],"2048x2048":["https:\/\/emikon.com.tr\/market\/wp-content\/uploads\/sites\/5\/2024\/04\/IBH-Link-IoT_ml-1.png",565,688,false],"post-thumbnail":["https:\/\/emikon.com.tr\/market\/wp-content\/uploads\/sites\/5\/2024\/04\/IBH-Link-IoT_ml-1-120x146.png",120,146,true],"50x50":["https:\/\/emikon.com.tr\/market\/wp-content\/uploads\/sites\/5\/2024\/04\/IBH-Link-IoT_ml-1-41x50.png",41,50,true],"clients-slider":["https:\/\/emikon.com.tr\/market\/wp-content\/uploads\/sites\/5\/2024\/04\/IBH-Link-IoT_ml-1-62x75.png",62,75,true],"slider-content":["https:\/\/emikon.com.tr\/market\/wp-content\/uploads\/sites\/5\/2024\/04\/IBH-Link-IoT_ml-1.png",565,688,false],"testimonials":["https:\/\/emikon.com.tr\/market\/wp-content\/uploads\/sites\/5\/2024\/04\/IBH-Link-IoT_ml-1-85x85.png",85,85,true],"blog-navi":["https:\/\/emikon.com.tr\/market\/wp-content\/uploads\/sites\/5\/2024\/04\/IBH-Link-IoT_ml-1-80x80.png",80,80,true],"portfolio-mf":["https:\/\/emikon.com.tr\/market\/wp-content\/uploads\/sites\/5\/2024\/04\/IBH-Link-IoT_ml-1.png",565,688,false],"portfolio-mf-w":["https:\/\/emikon.com.tr\/market\/wp-content\/uploads\/sites\/5\/2024\/04\/IBH-Link-IoT_ml-1-565x500.png",565,500,true],"portfolio-mf-t":["https:\/\/emikon.com.tr\/market\/wp-content\/uploads\/sites\/5\/2024\/04\/IBH-Link-IoT_ml-1.png",565,688,false],"portfolio-list":["https:\/\/emikon.com.tr\/market\/wp-content\/uploads\/sites\/5\/2024\/04\/IBH-Link-IoT_ml-1.png",565,688,false],"blog-portfolio":["https:\/\/emikon.com.tr\/market\/wp-content\/uploads\/sites\/5\/2024\/04\/IBH-Link-IoT_ml-1.png",565,688,false],"blog-single":["https:\/\/emikon.com.tr\/market\/wp-content\/uploads\/sites\/5\/2024\/04\/IBH-Link-IoT_ml-1-565x675.png",565,675,true],"woocommerce_thumbnail":["https:\/\/emikon.com.tr\/market\/wp-content\/uploads\/sites\/5\/2024\/04\/IBH-Link-IoT_ml-1-300x300.png",300,300,true],"woocommerce_single":["https:\/\/emikon.com.tr\/market\/wp-content\/uploads\/sites\/5\/2024\/04\/IBH-Link-IoT_ml-1.png",565,688,false],"woocommerce_gallery_thumbnail":["https:\/\/emikon.com.tr\/market\/wp-content\/uploads\/sites\/5\/2024\/04\/IBH-Link-IoT_ml-1-300x300.png",300,300,true]},"uagb_author_info":{"display_name":"emikon","author_link":"https:\/\/emikon.com.tr\/market\/author\/"},"uagb_comment_info":1,"uagb_excerpt":"Bizi arayabilir ya da BURAYA t\u0131klayarak talebinizi iletebilirsiniz.","_links":{"self":[{"href":"https:\/\/emikon.com.tr\/market\/wp-json\/wp\/v2\/product\/1612","targetHints":{"allow":["GET"]}}],"collection":[{"href":"https:\/\/emikon.com.tr\/market\/wp-json\/wp\/v2\/product"}],"about":[{"href":"https:\/\/emikon.com.tr\/market\/wp-json\/wp\/v2\/types\/product"}],"replies":[{"embeddable":true,"href":"https:\/\/emikon.com.tr\/market\/wp-json\/wp\/v2\/comments?post=1612"}],"wp:featuredmedia":[{"embeddable":true,"href":"https:\/\/emikon.com.tr\/market\/wp-json\/wp\/v2\/media\/1614"}],"wp:attachment":[{"href":"https:\/\/emikon.com.tr\/market\/wp-json\/wp\/v2\/media?parent=1612"}],"wp:term":[{"taxonomy":"product_cat","embeddable":true,"href":"https:\/\/emikon.com.tr\/market\/wp-json\/wp\/v2\/product_cat?post=1612"},{"taxonomy":"product_tag","embeddable":true,"href":"https:\/\/emikon.com.tr\/market\/wp-json\/wp\/v2\/product_tag?post=1612"}],"curies":[{"name":"wp","href":"https:\/\/api.w.org\/{rel}","templated":true}]}}