{"id":1620,"date":"2024-04-24T18:39:19","date_gmt":"2024-04-24T15:39:19","guid":{"rendered":"https:\/\/emikon.com.tr\/market\/?post_type=product&#038;p=1620"},"modified":"2024-11-06T02:14:51","modified_gmt":"2024-11-05T23:14:51","slug":"ibh-link-ua","status":"publish","type":"product","link":"https:\/\/emikon.com.tr\/market\/urun\/ibh-link-ua\/","title":{"rendered":"IBH Link UA"},"content":{"rendered":"<p><span>SIMATIC, Mitsubishi ve Rockwell kontrol\u00f6rleri i\u00e7in g\u00fcvenlik duvar\u0131na sahip yerle\u015fik OPC UA sunucusu\/istemcisi. D\u00f6rt Ethernet ba\u011flant\u0131 noktas\u0131na ve 24V g\u00fc\u00e7 kayna\u011f\u0131na sahip, DIN ray\u0131na montaj i\u00e7in kompakt bir \u00fcnitedir.<\/span><\/p>\n<p><span>IBH Link UA&#8217;n\u0131n konfig\u00fcrasyonu \u00fccretsiz IBH OPC UA Edit\u00f6r\u00fc, Orijinal Siemens STEP7 veya TIA Portal\u0131 ile yap\u0131l\u0131r. Ba\u015fka \u00f6zel bir yaz\u0131l\u0131ma gerek yoktur. B\u00f6ylece IBH Link UA, PLC projesine sorunsuz bir \u015fekilde entegre edilebilir. IBH Link UA ayn\u0131 anda 31&#8217;e kadar STEP7 ve\/veya TIA projesini y\u00f6netebilir.<\/span><\/p>\n<p><span>De\u011fi\u015fkenlerin tan\u0131m\u0131 programlama arac\u0131ndan IBH Link UA&#8217;ya Ethernet arac\u0131l\u0131\u011f\u0131yla aktar\u0131lacakt\u0131r. De\u011fi\u015fkenlerin nitelikleri (fi yazma korumas\u0131 veya limitler) do\u011frudan PLC projesi i\u00e7erisinde tan\u0131mlanacakt\u0131r. Bu, de\u011fi\u015fkenlere ve veri blo\u011fu yap\u0131lar\u0131na sembolik eri\u015fime izin verir.<\/span><\/p>\n<p><span>S5 ve S7 PLC ile ileti\u015fim Ethernet \u00fczerinden kurulur. PLC&#8217;nin Ethernet ba\u011flant\u0131 noktas\u0131 yoksa, iyi bilinen a\u011f ge\u00e7itlerimiz IBH Link S7++ veya IBH Link S5++ kullan\u0131labilir. IBH Link UA&#8217;da makine seviyesi i\u00e7in \u00fc\u00e7 Ethernet Ba\u011flant\u0131 Noktas\u0131 ve denetim d\u00fczeyi i\u00e7in bir Ethernet Ba\u011flant\u0131 Noktas\u0131 vard\u0131r. Denetim d\u00fczeyinde yaln\u0131zca OPC eri\u015fimine izin verilir. Her iki seviye aras\u0131nda entegre bir g\u00fcvenlik duvar\u0131 bulunmaktad\u0131r. Ethernet portlar\u0131n\u0131n konfig\u00fcrasyonu standart bir web taray\u0131c\u0131s\u0131 kullan\u0131larak yap\u0131labilir.<\/span><\/p>\n<p><span>IBHsoftec&#8217;in sundu\u011fu IBH Link UA&#8217;n\u0131n avantajlar\u0131ndan biri, IBH Link UA&#8217;n\u0131n \u0130stemci ve Sunucu i\u015flevlerini ayn\u0131 anda desteklemesidir. Bu, farkl\u0131 OPC UA Sunucular\u0131 aras\u0131nda veri al\u0131\u015fveri\u015fine olanak tan\u0131r. \u00d6rne\u011fin, farkl\u0131 \u00fcreticilerin OPC UA sunucular\u0131na sahip kontrol sistemleri ve di\u011fer ekipmanlar birbirleriyle veri al\u0131\u015fveri\u015finde bulunabilir. \u0130stemci fonksiyonlar\u0131n\u0131n konfig\u00fcrasyonu standart bir web taray\u0131c\u0131s\u0131 kullan\u0131larak yap\u0131lacakt\u0131r. .<\/span><\/p>\n<p><span>Kullan\u0131c\u0131 tan\u0131ml\u0131 OPC UA de\u011fi\u015fkenleri: Veri yap\u0131lar\u0131 ayr\u0131 bir ad alan\u0131nda tan\u0131mlanabilir ve istemci i\u015flevi arac\u0131l\u0131\u011f\u0131yla herhangi bir di\u011fer OPC UA sunucusuna ba\u011flanabilir. Bu, di\u011fer OPC UA istemcilerinin de bu veri yap\u0131lar\u0131n\u0131 okuyabilece\u011fi ve yazabilece\u011fi anlam\u0131na gelir.<\/span><\/p>\n<p><span>MQTT ba\u011flant\u0131s\u0131: Kullan\u0131c\u0131 tan\u0131ml\u0131 OPC UA de\u011fi\u015fkenleri bir MQTT arac\u0131s\u0131\/sunucusu ile de\u011fi\u015ftirilebilir.<\/span><\/p>\n<p><span>B\u00f6ylece IBH Link UA, Simatic kontrol cihazlar\u0131ndan ba\u011f\u0131ms\u0131z olarak makineler ve kontrol sistemleri (MES, ERP&#8230;) aras\u0131nda bir katman olarak kullan\u0131labilir.<\/span><\/p>\n<p><span>OPC Veri Eri\u015fimi, verilere ger\u00e7ek zamanl\u0131 eri\u015fime izin verirken, OPC HDA eri\u015fimi olarak da adland\u0131r\u0131lan OPC Ge\u00e7mi\u015f Eri\u015fimini, \u00f6nceden depolanm\u0131\u015f verilere eri\u015fimi destekler. Basit veri kay\u0131t sistemlerinden karma\u015f\u0131k SCADA sistemlerine kadar ge\u00e7mi\u015f veriler standart bir \u015fekilde sorgulanabilir. Ge\u00e7mi\u015f verilerinin etkinle\u015ftirilmesi web taray\u0131c\u0131s\u0131 kullan\u0131larak kolayca ger\u00e7ekle\u015ftirilir.<\/span><\/p>\n<p><span>\u00d6nceden y\u00fcklenmi\u015f TeamViewer yaz\u0131l\u0131m\u0131 ile neredeyse t\u00fcm PLC sistemlerine her zaman ve her yerden eri\u015fim imkan\u0131 sunulmaktad\u0131r.<\/span><br \/>\n<span>Karma\u015f\u0131k modem \u00e7\u00f6z\u00fcmleri veya sahada bilgisayar kullan\u0131m\u0131 ge\u00e7mi\u015fte kald\u0131.<\/span><\/p>\n","protected":false},"excerpt":{"rendered":"<p><strong>Bizi arayabilir ya da\u00a0<a href=\"https:\/\/emikon.com.tr\/iletisim\/\" target=\"_blank\" rel=\"noopener noreferrer\">BURAYA<\/a>\u00a0t\u0131klayarak talebinizi iletebilirsiniz.<\/strong><\/p>\n","protected":false},"featured_media":1621,"comment_status":"open","ping_status":"closed","template":"","meta":{"_uag_custom_page_level_css":""},"product_cat":[15,163],"product_tag":[],"class_list":["post-1620","product","type-product","status-publish","has-post-thumbnail","hentry","product_cat-genel","product_cat-opc-ua"],"yoast_head":"<!-- This site is optimized with the Yoast SEO Premium plugin v19.3 (Yoast SEO v19.7) - https:\/\/yoast.com\/wordpress\/plugins\/seo\/ -->\n<title>IBH Link UA - Emikon - Otomasyon Market<\/title>\n<meta name=\"robots\" content=\"index, follow, max-snippet:-1, max-image-preview:large, max-video-preview:-1\" \/>\n<link rel=\"canonical\" href=\"https:\/\/emikon.com.tr\/market\/urun\/ibh-link-ua\/\" \/>\n<meta property=\"og:locale\" content=\"tr_TR\" \/>\n<meta property=\"og:type\" content=\"article\" \/>\n<meta property=\"og:title\" content=\"IBH Link UA\" \/>\n<meta property=\"og:description\" content=\"Bizi arayabilir ya da\u00a0BURAYA\u00a0t\u0131klayarak talebinizi iletebilirsiniz.\" \/>\n<meta property=\"og:url\" content=\"https:\/\/emikon.com.tr\/market\/urun\/ibh-link-ua\/\" \/>\n<meta property=\"og:site_name\" content=\"Emikon - Otomasyon Market\" \/>\n<meta property=\"article:modified_time\" content=\"2024-11-05T23:14:51+00:00\" \/>\n<meta property=\"og:image\" content=\"https:\/\/emikon.com.tr\/market\/wp-content\/uploads\/sites\/5\/2024\/04\/LinkUA_ml-1.png\" \/>\n\t<meta property=\"og:image:width\" content=\"314\" \/>\n\t<meta property=\"og:image:height\" content=\"543\" \/>\n\t<meta property=\"og:image:type\" content=\"image\/png\" \/>\n<meta name=\"twitter:card\" content=\"summary_large_image\" \/>\n<meta name=\"twitter:label1\" content=\"Tahmini okuma s\u00fcresi\" \/>\n\t<meta name=\"twitter:data1\" content=\"3 dakika\" \/>\n<script type=\"application\/ld+json\" class=\"yoast-schema-graph\">{\"@context\":\"https:\/\/schema.org\",\"@graph\":[{\"@type\":\"WebPage\",\"@id\":\"https:\/\/emikon.com.tr\/market\/urun\/ibh-link-ua\/\",\"url\":\"https:\/\/emikon.com.tr\/market\/urun\/ibh-link-ua\/\",\"name\":\"IBH Link UA - Emikon - Otomasyon Market\",\"isPartOf\":{\"@id\":\"https:\/\/emikon.com.tr\/market\/#website\"},\"datePublished\":\"2024-04-24T15:39:19+00:00\",\"dateModified\":\"2024-11-05T23:14:51+00:00\",\"breadcrumb\":{\"@id\":\"https:\/\/emikon.com.tr\/market\/urun\/ibh-link-ua\/#breadcrumb\"},\"inLanguage\":\"tr\",\"potentialAction\":[{\"@type\":\"ReadAction\",\"target\":[\"https:\/\/emikon.com.tr\/market\/urun\/ibh-link-ua\/\"]}]},{\"@type\":\"BreadcrumbList\",\"@id\":\"https:\/\/emikon.com.tr\/market\/urun\/ibh-link-ua\/#breadcrumb\",\"itemListElement\":[{\"@type\":\"ListItem\",\"position\":1,\"name\":\"Ana sayfa\",\"item\":\"https:\/\/emikon.com.tr\/market\/\"},{\"@type\":\"ListItem\",\"position\":2,\"name\":\"Ma\u011faza\",\"item\":\"https:\/\/emikon.com.tr\/market\/\"},{\"@type\":\"ListItem\",\"position\":3,\"name\":\"IBH Link UA\"}]},{\"@type\":\"WebSite\",\"@id\":\"https:\/\/emikon.com.tr\/market\/#website\",\"url\":\"https:\/\/emikon.com.tr\/market\/\",\"name\":\"Emikon - Otomasyon Market\",\"description\":\"Otomasyonun Referans Noktas\u0131 \/ End\u00fcstri 4.0\",\"publisher\":{\"@id\":\"https:\/\/emikon.com.tr\/market\/#organization\"},\"potentialAction\":[{\"@type\":\"SearchAction\",\"target\":{\"@type\":\"EntryPoint\",\"urlTemplate\":\"https:\/\/emikon.com.tr\/market\/?s={search_term_string}\"},\"query-input\":\"required name=search_term_string\"}],\"inLanguage\":\"tr\"},{\"@type\":\"Organization\",\"@id\":\"https:\/\/emikon.com.tr\/market\/#organization\",\"name\":\"Emikon\",\"url\":\"https:\/\/emikon.com.tr\/market\/\",\"sameAs\":[],\"logo\":{\"@type\":\"ImageObject\",\"inLanguage\":\"tr\",\"@id\":\"https:\/\/emikon.com.tr\/market\/#\/schema\/logo\/image\/\",\"url\":\"https:\/\/emikon.com.tr\/market\/wp-content\/uploads\/sites\/5\/2020\/03\/Dikdortgen-001-1.png\",\"contentUrl\":\"https:\/\/emikon.com.tr\/market\/wp-content\/uploads\/sites\/5\/2020\/03\/Dikdortgen-001-1.png\",\"width\":1622,\"height\":407,\"caption\":\"Emikon\"},\"image\":{\"@id\":\"https:\/\/emikon.com.tr\/market\/#\/schema\/logo\/image\/\"}}]}<\/script>\n<!-- \/ Yoast SEO Premium plugin. -->","yoast_head_json":{"title":"IBH Link UA - Emikon - Otomasyon Market","robots":{"index":"index","follow":"follow","max-snippet":"max-snippet:-1","max-image-preview":"max-image-preview:large","max-video-preview":"max-video-preview:-1"},"canonical":"https:\/\/emikon.com.tr\/market\/urun\/ibh-link-ua\/","og_locale":"tr_TR","og_type":"article","og_title":"IBH Link UA","og_description":"Bizi arayabilir ya da\u00a0BURAYA\u00a0t\u0131klayarak talebinizi iletebilirsiniz.","og_url":"https:\/\/emikon.com.tr\/market\/urun\/ibh-link-ua\/","og_site_name":"Emikon - Otomasyon Market","article_modified_time":"2024-11-05T23:14:51+00:00","og_image":[{"width":314,"height":543,"url":"https:\/\/emikon.com.tr\/market\/wp-content\/uploads\/sites\/5\/2024\/04\/LinkUA_ml-1.png","type":"image\/png"}],"twitter_card":"summary_large_image","twitter_misc":{"Tahmini okuma s\u00fcresi":"3 dakika"},"schema":{"@context":"https:\/\/schema.org","@graph":[{"@type":"WebPage","@id":"https:\/\/emikon.com.tr\/market\/urun\/ibh-link-ua\/","url":"https:\/\/emikon.com.tr\/market\/urun\/ibh-link-ua\/","name":"IBH Link UA - Emikon - Otomasyon Market","isPartOf":{"@id":"https:\/\/emikon.com.tr\/market\/#website"},"datePublished":"2024-04-24T15:39:19+00:00","dateModified":"2024-11-05T23:14:51+00:00","breadcrumb":{"@id":"https:\/\/emikon.com.tr\/market\/urun\/ibh-link-ua\/#breadcrumb"},"inLanguage":"tr","potentialAction":[{"@type":"ReadAction","target":["https:\/\/emikon.com.tr\/market\/urun\/ibh-link-ua\/"]}]},{"@type":"BreadcrumbList","@id":"https:\/\/emikon.com.tr\/market\/urun\/ibh-link-ua\/#breadcrumb","itemListElement":[{"@type":"ListItem","position":1,"name":"Ana sayfa","item":"https:\/\/emikon.com.tr\/market\/"},{"@type":"ListItem","position":2,"name":"Ma\u011faza","item":"https:\/\/emikon.com.tr\/market\/"},{"@type":"ListItem","position":3,"name":"IBH Link UA"}]},{"@type":"WebSite","@id":"https:\/\/emikon.com.tr\/market\/#website","url":"https:\/\/emikon.com.tr\/market\/","name":"Emikon - Otomasyon Market","description":"Otomasyonun Referans Noktas\u0131 \/ End\u00fcstri 4.0","publisher":{"@id":"https:\/\/emikon.com.tr\/market\/#organization"},"potentialAction":[{"@type":"SearchAction","target":{"@type":"EntryPoint","urlTemplate":"https:\/\/emikon.com.tr\/market\/?s={search_term_string}"},"query-input":"required name=search_term_string"}],"inLanguage":"tr"},{"@type":"Organization","@id":"https:\/\/emikon.com.tr\/market\/#organization","name":"Emikon","url":"https:\/\/emikon.com.tr\/market\/","sameAs":[],"logo":{"@type":"ImageObject","inLanguage":"tr","@id":"https:\/\/emikon.com.tr\/market\/#\/schema\/logo\/image\/","url":"https:\/\/emikon.com.tr\/market\/wp-content\/uploads\/sites\/5\/2020\/03\/Dikdortgen-001-1.png","contentUrl":"https:\/\/emikon.com.tr\/market\/wp-content\/uploads\/sites\/5\/2020\/03\/Dikdortgen-001-1.png","width":1622,"height":407,"caption":"Emikon"},"image":{"@id":"https:\/\/emikon.com.tr\/market\/#\/schema\/logo\/image\/"}}]}},"uagb_featured_image_src":{"full":["https:\/\/emikon.com.tr\/market\/wp-content\/uploads\/sites\/5\/2024\/04\/LinkUA_ml-1.png",314,543,false],"thumbnail":["https:\/\/emikon.com.tr\/market\/wp-content\/uploads\/sites\/5\/2024\/04\/LinkUA_ml-1-150x150.png",150,150,true],"medium":["https:\/\/emikon.com.tr\/market\/wp-content\/uploads\/sites\/5\/2024\/04\/LinkUA_ml-1-173x300.png",173,300,true],"medium_large":["https:\/\/emikon.com.tr\/market\/wp-content\/uploads\/sites\/5\/2024\/04\/LinkUA_ml-1.png",314,543,false],"large":["https:\/\/emikon.com.tr\/market\/wp-content\/uploads\/sites\/5\/2024\/04\/LinkUA_ml-1.png",314,543,false],"1536x1536":["https:\/\/emikon.com.tr\/market\/wp-content\/uploads\/sites\/5\/2024\/04\/LinkUA_ml-1.png",314,543,false],"2048x2048":["https:\/\/emikon.com.tr\/market\/wp-content\/uploads\/sites\/5\/2024\/04\/LinkUA_ml-1.png",314,543,false],"post-thumbnail":["https:\/\/emikon.com.tr\/market\/wp-content\/uploads\/sites\/5\/2024\/04\/LinkUA_ml-1-84x146.png",84,146,true],"50x50":["https:\/\/emikon.com.tr\/market\/wp-content\/uploads\/sites\/5\/2024\/04\/LinkUA_ml-1-29x50.png",29,50,true],"clients-slider":["https:\/\/emikon.com.tr\/market\/wp-content\/uploads\/sites\/5\/2024\/04\/LinkUA_ml-1-43x75.png",43,75,true],"slider-content":["https:\/\/emikon.com.tr\/market\/wp-content\/uploads\/sites\/5\/2024\/04\/LinkUA_ml-1.png",314,543,false],"testimonials":["https:\/\/emikon.com.tr\/market\/wp-content\/uploads\/sites\/5\/2024\/04\/LinkUA_ml-1-85x85.png",85,85,true],"blog-navi":["https:\/\/emikon.com.tr\/market\/wp-content\/uploads\/sites\/5\/2024\/04\/LinkUA_ml-1-80x80.png",80,80,true],"portfolio-mf":["https:\/\/emikon.com.tr\/market\/wp-content\/uploads\/sites\/5\/2024\/04\/LinkUA_ml-1.png",314,543,false],"portfolio-mf-w":["https:\/\/emikon.com.tr\/market\/wp-content\/uploads\/sites\/5\/2024\/04\/LinkUA_ml-1-314x500.png",314,500,true],"portfolio-mf-t":["https:\/\/emikon.com.tr\/market\/wp-content\/uploads\/sites\/5\/2024\/04\/LinkUA_ml-1.png",314,543,false],"portfolio-list":["https:\/\/emikon.com.tr\/market\/wp-content\/uploads\/sites\/5\/2024\/04\/LinkUA_ml-1.png",314,543,false],"blog-portfolio":["https:\/\/emikon.com.tr\/market\/wp-content\/uploads\/sites\/5\/2024\/04\/LinkUA_ml-1.png",314,543,false],"blog-single":["https:\/\/emikon.com.tr\/market\/wp-content\/uploads\/sites\/5\/2024\/04\/LinkUA_ml-1.png",314,543,false],"woocommerce_thumbnail":["https:\/\/emikon.com.tr\/market\/wp-content\/uploads\/sites\/5\/2024\/04\/LinkUA_ml-1-300x300.png",300,300,true],"woocommerce_single":["https:\/\/emikon.com.tr\/market\/wp-content\/uploads\/sites\/5\/2024\/04\/LinkUA_ml-1.png",314,543,false],"woocommerce_gallery_thumbnail":["https:\/\/emikon.com.tr\/market\/wp-content\/uploads\/sites\/5\/2024\/04\/LinkUA_ml-1-300x300.png",300,300,true]},"uagb_author_info":{"display_name":"emikon","author_link":"https:\/\/emikon.com.tr\/market\/author\/"},"uagb_comment_info":1,"uagb_excerpt":"Bizi arayabilir ya da\u00a0BURAYA\u00a0t\u0131klayarak talebinizi iletebilirsiniz.","_links":{"self":[{"href":"https:\/\/emikon.com.tr\/market\/wp-json\/wp\/v2\/product\/1620","targetHints":{"allow":["GET"]}}],"collection":[{"href":"https:\/\/emikon.com.tr\/market\/wp-json\/wp\/v2\/product"}],"about":[{"href":"https:\/\/emikon.com.tr\/market\/wp-json\/wp\/v2\/types\/product"}],"replies":[{"embeddable":true,"href":"https:\/\/emikon.com.tr\/market\/wp-json\/wp\/v2\/comments?post=1620"}],"wp:featuredmedia":[{"embeddable":true,"href":"https:\/\/emikon.com.tr\/market\/wp-json\/wp\/v2\/media\/1621"}],"wp:attachment":[{"href":"https:\/\/emikon.com.tr\/market\/wp-json\/wp\/v2\/media?parent=1620"}],"wp:term":[{"taxonomy":"product_cat","embeddable":true,"href":"https:\/\/emikon.com.tr\/market\/wp-json\/wp\/v2\/product_cat?post=1620"},{"taxonomy":"product_tag","embeddable":true,"href":"https:\/\/emikon.com.tr\/market\/wp-json\/wp\/v2\/product_tag?post=1620"}],"curies":[{"name":"wp","href":"https:\/\/api.w.org\/{rel}","templated":true}]}}