{"id":1623,"date":"2024-04-24T18:45:43","date_gmt":"2024-04-24T15:45:43","guid":{"rendered":"https:\/\/emikon.com.tr\/market\/?post_type=product&#038;p=1623"},"modified":"2024-04-24T18:46:39","modified_gmt":"2024-04-24T15:46:39","slug":"ibh-link-s7-hs","status":"publish","type":"product","link":"https:\/\/emikon.com.tr\/market\/urun\/ibh-link-s7-hs\/","title":{"rendered":"IBH Link S7++ HS"},"content":{"rendered":"<p><span style=\"font-size: small;\">Bir Siemens PLC&#8217;nin Ethernet arac\u0131l\u0131\u011f\u0131yla bir PC&#8217;ye ba\u011flanmas\u0131 gerekiyorsa, normal yol bir CP \/ \u0130leti\u015fim i\u015flemcisi almakt\u0131r. IBHsoftec&#8217;in daha\u00a0<b>esnek bir \u00e7\u00f6z\u00fcm\u00fc<\/b>\u00a0var : IBH Link S7++ HS. Programlama, s\u00fcr\u00fcc\u00fc konfig\u00fcrasyonu, PC ile Siemens PLC&#8217;ler aras\u0131ndaki ileti\u015fim, PLC&#8217;ler aras\u0131 ileti\u015fim ve\u00a0<a href=\"http:\/\/wiki.ibhsoftec.com\/en\/IBHLink_S7%2B%2B:IBH_Link_S7%2B%2B_with_CommDTM\">FDT uygulamalar\u0131<\/a>\u00a0i\u00e7in uygun maliyetli bir Ethernet-PROFIBUS-A\u011f Ge\u00e7ididir\u00a0. IBH Link S7++ HS&#8217;yi bir hub veya anahtarla ya da bir \u00c7apraz kablo arac\u0131l\u0131\u011f\u0131yla do\u011frudan PC a\u011f kart\u0131n\u0131za ba\u011flamak m\u00fcmk\u00fcnd\u00fcr. Kullan\u0131lan protokol standart TCP\/IP&#8217;dir, b\u00f6ylece sisteminizi VPN veya y\u00f6nlendirici kullanarak kontrol edebilirsiniz. Elbette internet ba\u011flant\u0131s\u0131n\u0131 da kullanabilirsiniz. IBH Link S7++ HS ile \u00e7evrimi\u00e7i i\u015flevler, 12 Mbit\/s&#8217;ye kadar Profibus DP veya PPI\/MPI arac\u0131l\u0131\u011f\u0131yla m\u00fcmk\u00fcnd\u00fcr. IBH Link S7++ HS,\u00a0Siemens&#8217;in CP&#8217;lerine veya Simatic Net yaz\u0131l\u0131m\u0131na gerek olmad\u0131\u011f\u0131ndan\u00a0<b>maliyetinizi azaltacakt\u0131r<\/b><\/span><\/p>\n<p>. IBH Link S7++ HS, IBH Link S7++ ile ayn\u0131 \u00f6zellikleri\/s\u00fcr\u00fcc\u00fcleri sunar ve ray montaj\u0131 i\u00e7in tasarlanm\u0131\u015ft\u0131r.<\/p>\n<p>IBH Link S7++ HS \u00f6zellikleri:<br \/>\n&#8211; Web taray\u0131c\u0131s\u0131 arac\u0131l\u0131\u011f\u0131yla PROFIBUS d\u00fc\u011f\u00fcmlerinin te\u015fhisi<br \/>\n&#8211; D\u00f6ng\u00fcsel olmayan hizmetler i\u00e7in Ana S\u0131n\u0131f 2 (DPV1)<br \/>\n&#8211; Web taray\u0131c\u0131s\u0131 arac\u0131l\u0131\u011f\u0131yla yap\u0131land\u0131rma<br \/>\n&#8211; NetPro arac\u0131l\u0131\u011f\u0131yla yap\u0131land\u0131rma<br \/>\n&#8211; Windows 8 64 Bit deste\u011fi<br \/>\n&#8211; Windows 10 64 Bit deste\u011fi<br \/>\n&#8211; STEP7 64 Bit deste\u011fi<br \/>\n&#8211; Zaman senkronizasyonu<br \/>\n&#8211; PROFIBUS te\u015fhisi<br \/>\n&#8211; Slave te\u015fhisi<br \/>\n&#8211; S\u00fcr\u00fcc\u00fc konfig\u00fcrasyonu<br \/>\n&#8211; DPV1 arac\u0131l\u0131\u011f\u0131yla Slave Parametresinin ayarlanmas\u0131 &#8211;<br \/>\nVeri seti y\u00f6nlendirme<br \/>\n&#8211; TIA portal\u0131 i\u00e7inde entegrasyon<br \/>\n&#8211; DHCP<br \/>\n&#8211; RFC1006 arac\u0131l\u0131\u011f\u0131yla y\u00f6nlendirme<br \/>\n&#8211; RFC1006 arac\u0131l\u0131\u011f\u0131yla Getir\/Yaz<br \/>\n&#8211; PLC &#8211; PLC ileti\u015fimi<br \/>\n&#8211; Proses verilerine eri\u015fim di\u011fer PLC, Windows ve Linux ile<br \/>\n&#8211; STARTER, S7-PCT, PDM, LifeList deste\u011fi<br \/>\n&#8211; TCI ile saha cihazlar\u0131n\u0131n ayarlanmas\u0131 ve te\u015fhisi<br \/>\n&#8211; Panel konfig\u00fcrasyonu<br \/>\n&#8211; SINEC L2 arac\u0131l\u0131\u011f\u0131yla SIMATIC S5&#8217;e \u00e7evrimi\u00e7i<br \/>\n&#8211; Ayn\u0131 anda 16&#8217;ya kadar paralel PC ba\u011flant\u0131s\u0131<br \/>\n&#8211; Ayn\u0131 anda 32&#8217;ye kadar paralel MPI \/ DP ba\u011flant\u0131s\u0131<br \/>\n&#8211; Otomatik veri yolu profili alg\u0131lama<br \/>\n&#8211; Otomatik anla\u015fmal\u0131 RJ45 Ethernet (10\/100)<br \/>\n&#8211; Te\u015fhis LED&#8217;leri<br \/>\n&#8211; Harici 24V besleme<br \/>\n&#8211; DIN ray\u0131na monte edilebilir<br \/>\n&#8211; IBH Link S7++ ile uyumlu yaz\u0131l\u0131m<\/p>\n<p><span style=\"font-size: small;\">SIMATIC s\u00fcr\u00fcc\u00fcs\u00fc MicroWin, STEP7, WinCC, ProTool ve elbette Windows\u00ae i\u00e7in S7, IBH Link S7++ HS&#8217;nizle birlikte CD&#8217;de sa\u011flan\u0131r. Ayr\u0131ca g\u00f6rselle\u015ftirmenizi IBH Link S7++ HS arac\u0131l\u0131\u011f\u0131yla PLC&#8217;ye ba\u011flamak i\u00e7in IBH OPC Sunucusunu kullanabilirsiniz. IBHNet s\u00fcr\u00fcc\u00fcs\u00fc, standart\u00a0<b>programlama dilleri<\/b>\u00a0arac\u0131l\u0131\u011f\u0131yla do\u011frudan de\u011fi\u015fken eri\u015fimi elde etmenizi sa\u011flar<b><\/b>Visual Basic veya Delphi gibi. Adapt\u00f6r\u00fcn konfig\u00fcrasyonu \u00e7ok kolayd\u0131r ve normalde birka\u00e7 dakika i\u00e7inde yap\u0131l\u0131r. IBH Link S7++ HS, 10 veya 100Mbit\/s a\u011fa ba\u011fl\u0131 olup olmad\u0131\u011f\u0131n\u0131 otomatik olarak alg\u0131lar. IBH Link S7++ HS, g\u00fc\u00e7 kayna\u011f\u0131n\u0131 entegre 24V fi\u015f arac\u0131l\u0131\u011f\u0131yla al\u0131r.<\/span><\/p>\n<p>Programlama \u00f6zelliklerinin yan\u0131 s\u0131ra HMI uygulamalar\u0131 i\u00e7in bir\u00a0<b>uygulama programlama aray\u00fcz\u00fc<\/b>\u00a0de bulunmaktad\u0131r. Windows i\u015fletim sistemleri i\u00e7in\u00a0Visual Basic, Visual C, Visual C++, VB.net, Visual C#, Delphi, Java, Excel dahil dillerde\u00a0<b>\u00f6rnekler<\/b><\/p>\n<p>bulunmaktad\u0131r .\u00a0Linux i\u00e7in de \u00f6rnekler bulunmaktad\u0131r. Kurulumdan sonra \u00f6rnekler \u015fu adreste bulunabilir:<b><\/b><br \/>\n:\\IBH softec GmbH\\IBH_Net\\Samples HMI uygulamalar\u0131 ayn\u0131 zamanda TCP (RFC1006) \u00fczerindeki ISO arac\u0131l\u0131\u011f\u0131yla da ba\u011flanabilir.<\/p>\n<p><b><\/b>IBH Link S7++ HS&#8217;nin\u00a0<b>tipik<\/b><span style=\"font-size: small;\">\u00a0uygulamas\u0131: IBH Link S7++ HS&#8217;nin<\/span><br \/>\n<img decoding=\"async\" src=\"https:\/\/www.ibhsoftec.com\/WebRoot\/Store6\/Shops\/63444704\/MediaGallery\/IBH_Link_plus_plus.connection.png\" alt=\"IBH_Link_plus_plus.connection.png\" \/><\/p>\n<p><span style=\"font-size: small;\"><b>geli\u015fmi\u015f<\/b><\/span><br \/>\n\u00e7al\u0131\u015fma aral\u0131klar\u0131: PLC &lt;-&gt; PLC ileti\u015fimi, NetPro ile yans\u0131t\u0131lm\u0131\u015ft\u0131r<br \/>\n<img loading=\"lazy\" decoding=\"async\" src=\"https:\/\/www.ibhsoftec.com\/WebRoot\/Store6\/Shops\/63444704\/MediaGallery\/IBH_Link_Routing_klein.png\" alt=\"IBH_Link_Routing_klein.png\" width=\"516\" height=\"427\" \/><\/p>\n","protected":false},"excerpt":{"rendered":"<p><strong>Bizi arayabilir ya da\u00a0<a href=\"https:\/\/emikon.com.tr\/iletisim\/\" target=\"_blank\" rel=\"noopener noreferrer\">BURAYA<\/a>\u00a0t\u0131klayarak talebinizi iletebilirsiniz.<\/strong><\/p>\n","protected":false},"featured_media":1624,"comment_status":"open","ping_status":"closed","template":"","meta":{"_uag_custom_page_level_css":""},"product_cat":[164],"product_tag":[],"class_list":["post-1623","product","type-product","status-publish","has-post-thumbnail","hentry","product_cat-fdt"],"yoast_head":"<!-- This site is optimized with the Yoast SEO Premium plugin v19.3 (Yoast SEO v19.7) - https:\/\/yoast.com\/wordpress\/plugins\/seo\/ -->\n<title>IBH Link S7++ HS - Emikon - Otomasyon Market<\/title>\n<meta name=\"robots\" content=\"index, follow, max-snippet:-1, max-image-preview:large, max-video-preview:-1\" \/>\n<link rel=\"canonical\" href=\"https:\/\/emikon.com.tr\/market\/urun\/ibh-link-s7-hs\/\" \/>\n<meta property=\"og:locale\" content=\"tr_TR\" \/>\n<meta property=\"og:type\" content=\"article\" \/>\n<meta property=\"og:title\" content=\"IBH Link S7++ HS\" \/>\n<meta property=\"og:description\" content=\"Bizi arayabilir ya da\u00a0BURAYA\u00a0t\u0131klayarak talebinizi iletebilirsiniz.\" \/>\n<meta property=\"og:url\" content=\"https:\/\/emikon.com.tr\/market\/urun\/ibh-link-s7-hs\/\" \/>\n<meta property=\"og:site_name\" content=\"Emikon - Otomasyon Market\" \/>\n<meta property=\"article:modified_time\" content=\"2024-04-24T15:46:39+00:00\" \/>\n<meta property=\"og:image\" content=\"https:\/\/emikon.com.tr\/market\/wp-content\/uploads\/sites\/5\/2024\/04\/NT50-DP-EN_sowie_NT50-DP-RS.png\" \/>\n\t<meta property=\"og:image:width\" content=\"390\" \/>\n\t<meta property=\"og:image:height\" content=\"600\" \/>\n\t<meta property=\"og:image:type\" content=\"image\/png\" \/>\n<meta name=\"twitter:card\" content=\"summary_large_image\" \/>\n<meta name=\"twitter:label1\" content=\"Tahmini okuma s\u00fcresi\" \/>\n\t<meta name=\"twitter:data1\" content=\"3 dakika\" \/>\n<script type=\"application\/ld+json\" class=\"yoast-schema-graph\">{\"@context\":\"https:\/\/schema.org\",\"@graph\":[{\"@type\":\"WebPage\",\"@id\":\"https:\/\/emikon.com.tr\/market\/urun\/ibh-link-s7-hs\/\",\"url\":\"https:\/\/emikon.com.tr\/market\/urun\/ibh-link-s7-hs\/\",\"name\":\"IBH Link S7++ HS - Emikon - Otomasyon Market\",\"isPartOf\":{\"@id\":\"https:\/\/emikon.com.tr\/market\/#website\"},\"datePublished\":\"2024-04-24T15:45:43+00:00\",\"dateModified\":\"2024-04-24T15:46:39+00:00\",\"breadcrumb\":{\"@id\":\"https:\/\/emikon.com.tr\/market\/urun\/ibh-link-s7-hs\/#breadcrumb\"},\"inLanguage\":\"tr\",\"potentialAction\":[{\"@type\":\"ReadAction\",\"target\":[\"https:\/\/emikon.com.tr\/market\/urun\/ibh-link-s7-hs\/\"]}]},{\"@type\":\"BreadcrumbList\",\"@id\":\"https:\/\/emikon.com.tr\/market\/urun\/ibh-link-s7-hs\/#breadcrumb\",\"itemListElement\":[{\"@type\":\"ListItem\",\"position\":1,\"name\":\"Ana sayfa\",\"item\":\"https:\/\/emikon.com.tr\/market\/\"},{\"@type\":\"ListItem\",\"position\":2,\"name\":\"Ma\u011faza\",\"item\":\"https:\/\/emikon.com.tr\/market\/\"},{\"@type\":\"ListItem\",\"position\":3,\"name\":\"IBH Link S7++ HS\"}]},{\"@type\":\"WebSite\",\"@id\":\"https:\/\/emikon.com.tr\/market\/#website\",\"url\":\"https:\/\/emikon.com.tr\/market\/\",\"name\":\"Emikon - Otomasyon Market\",\"description\":\"Otomasyonun Referans Noktas\u0131 \/ End\u00fcstri 4.0\",\"publisher\":{\"@id\":\"https:\/\/emikon.com.tr\/market\/#organization\"},\"potentialAction\":[{\"@type\":\"SearchAction\",\"target\":{\"@type\":\"EntryPoint\",\"urlTemplate\":\"https:\/\/emikon.com.tr\/market\/?s={search_term_string}\"},\"query-input\":\"required name=search_term_string\"}],\"inLanguage\":\"tr\"},{\"@type\":\"Organization\",\"@id\":\"https:\/\/emikon.com.tr\/market\/#organization\",\"name\":\"Emikon\",\"url\":\"https:\/\/emikon.com.tr\/market\/\",\"sameAs\":[],\"logo\":{\"@type\":\"ImageObject\",\"inLanguage\":\"tr\",\"@id\":\"https:\/\/emikon.com.tr\/market\/#\/schema\/logo\/image\/\",\"url\":\"https:\/\/emikon.com.tr\/market\/wp-content\/uploads\/sites\/5\/2020\/03\/Dikdortgen-001-1.png\",\"contentUrl\":\"https:\/\/emikon.com.tr\/market\/wp-content\/uploads\/sites\/5\/2020\/03\/Dikdortgen-001-1.png\",\"width\":1622,\"height\":407,\"caption\":\"Emikon\"},\"image\":{\"@id\":\"https:\/\/emikon.com.tr\/market\/#\/schema\/logo\/image\/\"}}]}<\/script>\n<!-- \/ Yoast SEO Premium plugin. -->","yoast_head_json":{"title":"IBH Link S7++ HS - Emikon - Otomasyon Market","robots":{"index":"index","follow":"follow","max-snippet":"max-snippet:-1","max-image-preview":"max-image-preview:large","max-video-preview":"max-video-preview:-1"},"canonical":"https:\/\/emikon.com.tr\/market\/urun\/ibh-link-s7-hs\/","og_locale":"tr_TR","og_type":"article","og_title":"IBH Link S7++ HS","og_description":"Bizi arayabilir ya da\u00a0BURAYA\u00a0t\u0131klayarak talebinizi iletebilirsiniz.","og_url":"https:\/\/emikon.com.tr\/market\/urun\/ibh-link-s7-hs\/","og_site_name":"Emikon - Otomasyon Market","article_modified_time":"2024-04-24T15:46:39+00:00","og_image":[{"width":390,"height":600,"url":"https:\/\/emikon.com.tr\/market\/wp-content\/uploads\/sites\/5\/2024\/04\/NT50-DP-EN_sowie_NT50-DP-RS.png","type":"image\/png"}],"twitter_card":"summary_large_image","twitter_misc":{"Tahmini okuma s\u00fcresi":"3 dakika"},"schema":{"@context":"https:\/\/schema.org","@graph":[{"@type":"WebPage","@id":"https:\/\/emikon.com.tr\/market\/urun\/ibh-link-s7-hs\/","url":"https:\/\/emikon.com.tr\/market\/urun\/ibh-link-s7-hs\/","name":"IBH Link S7++ HS - Emikon - Otomasyon Market","isPartOf":{"@id":"https:\/\/emikon.com.tr\/market\/#website"},"datePublished":"2024-04-24T15:45:43+00:00","dateModified":"2024-04-24T15:46:39+00:00","breadcrumb":{"@id":"https:\/\/emikon.com.tr\/market\/urun\/ibh-link-s7-hs\/#breadcrumb"},"inLanguage":"tr","potentialAction":[{"@type":"ReadAction","target":["https:\/\/emikon.com.tr\/market\/urun\/ibh-link-s7-hs\/"]}]},{"@type":"BreadcrumbList","@id":"https:\/\/emikon.com.tr\/market\/urun\/ibh-link-s7-hs\/#breadcrumb","itemListElement":[{"@type":"ListItem","position":1,"name":"Ana sayfa","item":"https:\/\/emikon.com.tr\/market\/"},{"@type":"ListItem","position":2,"name":"Ma\u011faza","item":"https:\/\/emikon.com.tr\/market\/"},{"@type":"ListItem","position":3,"name":"IBH Link S7++ HS"}]},{"@type":"WebSite","@id":"https:\/\/emikon.com.tr\/market\/#website","url":"https:\/\/emikon.com.tr\/market\/","name":"Emikon - Otomasyon Market","description":"Otomasyonun Referans Noktas\u0131 \/ End\u00fcstri 4.0","publisher":{"@id":"https:\/\/emikon.com.tr\/market\/#organization"},"potentialAction":[{"@type":"SearchAction","target":{"@type":"EntryPoint","urlTemplate":"https:\/\/emikon.com.tr\/market\/?s={search_term_string}"},"query-input":"required name=search_term_string"}],"inLanguage":"tr"},{"@type":"Organization","@id":"https:\/\/emikon.com.tr\/market\/#organization","name":"Emikon","url":"https:\/\/emikon.com.tr\/market\/","sameAs":[],"logo":{"@type":"ImageObject","inLanguage":"tr","@id":"https:\/\/emikon.com.tr\/market\/#\/schema\/logo\/image\/","url":"https:\/\/emikon.com.tr\/market\/wp-content\/uploads\/sites\/5\/2020\/03\/Dikdortgen-001-1.png","contentUrl":"https:\/\/emikon.com.tr\/market\/wp-content\/uploads\/sites\/5\/2020\/03\/Dikdortgen-001-1.png","width":1622,"height":407,"caption":"Emikon"},"image":{"@id":"https:\/\/emikon.com.tr\/market\/#\/schema\/logo\/image\/"}}]}},"uagb_featured_image_src":{"full":["https:\/\/emikon.com.tr\/market\/wp-content\/uploads\/sites\/5\/2024\/04\/NT50-DP-EN_sowie_NT50-DP-RS.png",390,600,false],"thumbnail":["https:\/\/emikon.com.tr\/market\/wp-content\/uploads\/sites\/5\/2024\/04\/NT50-DP-EN_sowie_NT50-DP-RS-150x150.png",150,150,true],"medium":["https:\/\/emikon.com.tr\/market\/wp-content\/uploads\/sites\/5\/2024\/04\/NT50-DP-EN_sowie_NT50-DP-RS-195x300.png",195,300,true],"medium_large":["https:\/\/emikon.com.tr\/market\/wp-content\/uploads\/sites\/5\/2024\/04\/NT50-DP-EN_sowie_NT50-DP-RS.png",390,600,false],"large":["https:\/\/emikon.com.tr\/market\/wp-content\/uploads\/sites\/5\/2024\/04\/NT50-DP-EN_sowie_NT50-DP-RS.png",390,600,false],"1536x1536":["https:\/\/emikon.com.tr\/market\/wp-content\/uploads\/sites\/5\/2024\/04\/NT50-DP-EN_sowie_NT50-DP-RS.png",390,600,false],"2048x2048":["https:\/\/emikon.com.tr\/market\/wp-content\/uploads\/sites\/5\/2024\/04\/NT50-DP-EN_sowie_NT50-DP-RS.png",390,600,false],"post-thumbnail":["https:\/\/emikon.com.tr\/market\/wp-content\/uploads\/sites\/5\/2024\/04\/NT50-DP-EN_sowie_NT50-DP-RS-95x146.png",95,146,true],"50x50":["https:\/\/emikon.com.tr\/market\/wp-content\/uploads\/sites\/5\/2024\/04\/NT50-DP-EN_sowie_NT50-DP-RS-33x50.png",33,50,true],"clients-slider":["https:\/\/emikon.com.tr\/market\/wp-content\/uploads\/sites\/5\/2024\/04\/NT50-DP-EN_sowie_NT50-DP-RS-49x75.png",49,75,true],"slider-content":["https:\/\/emikon.com.tr\/market\/wp-content\/uploads\/sites\/5\/2024\/04\/NT50-DP-EN_sowie_NT50-DP-RS.png",390,600,false],"testimonials":["https:\/\/emikon.com.tr\/market\/wp-content\/uploads\/sites\/5\/2024\/04\/NT50-DP-EN_sowie_NT50-DP-RS-85x85.png",85,85,true],"blog-navi":["https:\/\/emikon.com.tr\/market\/wp-content\/uploads\/sites\/5\/2024\/04\/NT50-DP-EN_sowie_NT50-DP-RS-80x80.png",80,80,true],"portfolio-mf":["https:\/\/emikon.com.tr\/market\/wp-content\/uploads\/sites\/5\/2024\/04\/NT50-DP-EN_sowie_NT50-DP-RS.png",390,600,false],"portfolio-mf-w":["https:\/\/emikon.com.tr\/market\/wp-content\/uploads\/sites\/5\/2024\/04\/NT50-DP-EN_sowie_NT50-DP-RS-390x500.png",390,500,true],"portfolio-mf-t":["https:\/\/emikon.com.tr\/market\/wp-content\/uploads\/sites\/5\/2024\/04\/NT50-DP-EN_sowie_NT50-DP-RS.png",390,600,false],"portfolio-list":["https:\/\/emikon.com.tr\/market\/wp-content\/uploads\/sites\/5\/2024\/04\/NT50-DP-EN_sowie_NT50-DP-RS.png",390,600,false],"blog-portfolio":["https:\/\/emikon.com.tr\/market\/wp-content\/uploads\/sites\/5\/2024\/04\/NT50-DP-EN_sowie_NT50-DP-RS.png",390,600,false],"blog-single":["https:\/\/emikon.com.tr\/market\/wp-content\/uploads\/sites\/5\/2024\/04\/NT50-DP-EN_sowie_NT50-DP-RS.png",390,600,false],"woocommerce_thumbnail":["https:\/\/emikon.com.tr\/market\/wp-content\/uploads\/sites\/5\/2024\/04\/NT50-DP-EN_sowie_NT50-DP-RS-300x300.png",300,300,true],"woocommerce_single":["https:\/\/emikon.com.tr\/market\/wp-content\/uploads\/sites\/5\/2024\/04\/NT50-DP-EN_sowie_NT50-DP-RS.png",390,600,false],"woocommerce_gallery_thumbnail":["https:\/\/emikon.com.tr\/market\/wp-content\/uploads\/sites\/5\/2024\/04\/NT50-DP-EN_sowie_NT50-DP-RS-300x300.png",300,300,true]},"uagb_author_info":{"display_name":"emikon","author_link":"https:\/\/emikon.com.tr\/market\/author\/"},"uagb_comment_info":0,"uagb_excerpt":"Bizi arayabilir ya da\u00a0BURAYA\u00a0t\u0131klayarak talebinizi iletebilirsiniz.","_links":{"self":[{"href":"https:\/\/emikon.com.tr\/market\/wp-json\/wp\/v2\/product\/1623","targetHints":{"allow":["GET"]}}],"collection":[{"href":"https:\/\/emikon.com.tr\/market\/wp-json\/wp\/v2\/product"}],"about":[{"href":"https:\/\/emikon.com.tr\/market\/wp-json\/wp\/v2\/types\/product"}],"replies":[{"embeddable":true,"href":"https:\/\/emikon.com.tr\/market\/wp-json\/wp\/v2\/comments?post=1623"}],"wp:featuredmedia":[{"embeddable":true,"href":"https:\/\/emikon.com.tr\/market\/wp-json\/wp\/v2\/media\/1624"}],"wp:attachment":[{"href":"https:\/\/emikon.com.tr\/market\/wp-json\/wp\/v2\/media?parent=1623"}],"wp:term":[{"taxonomy":"product_cat","embeddable":true,"href":"https:\/\/emikon.com.tr\/market\/wp-json\/wp\/v2\/product_cat?post=1623"},{"taxonomy":"product_tag","embeddable":true,"href":"https:\/\/emikon.com.tr\/market\/wp-json\/wp\/v2\/product_tag?post=1623"}],"curies":[{"name":"wp","href":"https:\/\/api.w.org\/{rel}","templated":true}]}}